{"id":23,"date":"2017-09-08T17:29:06","date_gmt":"2017-09-08T17:29:06","guid":{"rendered":"http:\/\/michaelhansmann.ch\/?page_id=23"},"modified":"2017-09-11T10:20:40","modified_gmt":"2017-09-11T10:20:40","slug":"umgebungsarbeiten","status":"publish","type":"page","link":"http:\/\/michaelhansmann.ch\/index.php\/umgebungsarbeiten\/","title":{"rendered":"Umgebungsarbeiten"},"content":{"rendered":"<p>Im Rahmen\u00a0der Umgebungsarbeiten\u00a0biete ich Ihnen folgende Dienstleistungen an:<img loading=\"lazy\" decoding=\"async\" class=\"size-medium wp-image-139 alignright\" src=\"http:\/\/michaelhansmann.ch\/wp-content\/uploads\/2017\/09\/hochdruck2-300x153.jpg\" alt=\"\" width=\"300\" height=\"153\" srcset=\"http:\/\/michaelhansmann.ch\/wp-content\/uploads\/2017\/09\/hochdruck2-300x153.jpg 300w, http:\/\/michaelhansmann.ch\/wp-content\/uploads\/2017\/09\/hochdruck2-768x392.jpg 768w, http:\/\/michaelhansmann.ch\/wp-content\/uploads\/2017\/09\/hochdruck2-520x265.jpg 520w, http:\/\/michaelhansmann.ch\/wp-content\/uploads\/2017\/09\/hochdruck2-740x377.jpg 740w, http:\/\/michaelhansmann.ch\/wp-content\/uploads\/2017\/09\/hochdruck2.jpg 800w\" sizes=\"auto, (max-width: 300px) 100vw, 300px\" \/><\/p>\n<ul>\n<li>Hochdruck-Reinigungsarbeiten von Pl\u00e4tzen und Wegen<\/li>\n<li>Erstellen von Gartenwegen (Waschbeton, Rindenmulch&#8230;)<\/li>\n<li>Legen von Verbundsteinpl\u00e4tzen oder -Wegen<\/li>\n<li>Erstellen von Sichtschutzw\u00e4nden<\/li>\n<li>Setzen von Stellriemen (z.B. als Beetabgrenzungen)<\/li>\n<li>Pflege der Aussenanlagen<\/li>\n<li>Kleinreparaturen<\/li>\n<\/ul>\n","protected":false},"excerpt":{"rendered":"<p>Im Rahmen\u00a0der Umgebungsarbeiten\u00a0biete ich Ihnen folgende Dienstleistungen an: Hochdruck-Reinigungsarbeiten von Pl\u00e4tzen und Wegen Erstellen von Gartenwegen (Waschbeton, Rindenmulch&#8230;) Legen von Verbundsteinpl\u00e4tzen oder -Wegen Erstellen von Sichtschutzw\u00e4nden Setzen von Stellriemen (z.B. als Beetabgrenzungen) Pflege der Aussenanlagen<a class=\"read-more\" href=\"http:\/\/michaelhansmann.ch\/index.php\/umgebungsarbeiten\/\">Continue reading<\/a><\/p>\n","protected":false},"author":1,"featured_media":0,"parent":0,"menu_order":6,"comment_status":"closed","ping_status":"closed","template":"","meta":{"footnotes":""},"class_list":["post-23","page","type-page","status-publish","hentry"],"_links":{"self":[{"href":"http:\/\/michaelhansmann.ch\/index.php\/wp-json\/wp\/v2\/pages\/23","targetHints":{"allow":["GET"]}}],"collection":[{"href":"http:\/\/michaelhansmann.ch\/index.php\/wp-json\/wp\/v2\/pages"}],"about":[{"href":"http:\/\/michaelhansmann.ch\/index.php\/wp-json\/wp\/v2\/types\/page"}],"author":[{"embeddable":true,"href":"http:\/\/michaelhansmann.ch\/index.php\/wp-json\/wp\/v2\/users\/1"}],"replies":[{"embeddable":true,"href":"http:\/\/michaelhansmann.ch\/index.php\/wp-json\/wp\/v2\/comments?post=23"}],"version-history":[{"count":12,"href":"http:\/\/michaelhansmann.ch\/index.php\/wp-json\/wp\/v2\/pages\/23\/revisions"}],"predecessor-version":[{"id":149,"href":"http:\/\/michaelhansmann.ch\/index.php\/wp-json\/wp\/v2\/pages\/23\/revisions\/149"}],"wp:attachment":[{"href":"http:\/\/michaelhansmann.ch\/index.php\/wp-json\/wp\/v2\/media?parent=23"}],"curies":[{"name":"wp","href":"https:\/\/api.w.org\/{rel}","templated":true}]}}