{"id":21,"date":"2017-09-08T17:28:49","date_gmt":"2017-09-08T17:28:49","guid":{"rendered":"http:\/\/michaelhansmann.ch\/?page_id=21"},"modified":"2017-09-11T10:18:47","modified_gmt":"2017-09-11T10:18:47","slug":"garten","status":"publish","type":"page","link":"http:\/\/michaelhansmann.ch\/index.php\/garten\/","title":{"rendered":"Garten"},"content":{"rendered":"<p><img loading=\"lazy\" decoding=\"async\" class=\"size-medium wp-image-61 alignright\" src=\"http:\/\/michaelhansmann.ch\/wp-content\/uploads\/2017\/09\/FB_IMG_1504943392264-300x169.jpg\" alt=\"\" width=\"300\" height=\"169\" \/>Nachfolgende Gartenarbeiten biete ich Ihnen an:<\/p>\n<ul>\n<li>Bew\u00e4sserung der Pflanzen, auch im Urlaub<\/li>\n<li>Bepflanzung und Aussaat nach Absprache<\/li>\n<li>Unkrautbeseitigung<\/li>\n<li>Schnitt von Hecken und Obstb\u00e4umen<\/li>\n<li>M\u00e4harbeiten<\/li>\n<li>Vertikutieren des Rasens<\/li>\n<li>Kompostierung<\/li>\n<li>Kehren von Laub<\/li>\n<li>S\u00e4mtliche weitere Gartenpflegearbeiten<\/li>\n<\/ul>\n","protected":false},"excerpt":{"rendered":"<p>Nachfolgende Gartenarbeiten biete ich Ihnen an: Bew\u00e4sserung der Pflanzen, auch im Urlaub Bepflanzung und Aussaat nach Absprache Unkrautbeseitigung Schnitt von Hecken und Obstb\u00e4umen M\u00e4harbeiten Vertikutieren des Rasens Kompostierung Kehren von Laub S\u00e4mtliche weitere Gartenpflegearbeiten<\/p>\n","protected":false},"author":1,"featured_media":0,"parent":0,"menu_order":5,"comment_status":"closed","ping_status":"closed","template":"","meta":{"footnotes":""},"class_list":["post-21","page","type-page","status-publish","hentry"],"_links":{"self":[{"href":"http:\/\/michaelhansmann.ch\/index.php\/wp-json\/wp\/v2\/pages\/21","targetHints":{"allow":["GET"]}}],"collection":[{"href":"http:\/\/michaelhansmann.ch\/index.php\/wp-json\/wp\/v2\/pages"}],"about":[{"href":"http:\/\/michaelhansmann.ch\/index.php\/wp-json\/wp\/v2\/types\/page"}],"author":[{"embeddable":true,"href":"http:\/\/michaelhansmann.ch\/index.php\/wp-json\/wp\/v2\/users\/1"}],"replies":[{"embeddable":true,"href":"http:\/\/michaelhansmann.ch\/index.php\/wp-json\/wp\/v2\/comments?post=21"}],"version-history":[{"count":5,"href":"http:\/\/michaelhansmann.ch\/index.php\/wp-json\/wp\/v2\/pages\/21\/revisions"}],"predecessor-version":[{"id":146,"href":"http:\/\/michaelhansmann.ch\/index.php\/wp-json\/wp\/v2\/pages\/21\/revisions\/146"}],"wp:attachment":[{"href":"http:\/\/michaelhansmann.ch\/index.php\/wp-json\/wp\/v2\/media?parent=21"}],"curies":[{"name":"wp","href":"https:\/\/api.w.org\/{rel}","templated":true}]}}