{"id":2,"date":"2017-09-08T15:53:25","date_gmt":"2017-09-08T15:53:25","guid":{"rendered":"http:\/\/michaelhansmann.ch\/?page_id=2"},"modified":"2017-09-12T06:36:23","modified_gmt":"2017-09-12T06:36:23","slug":"portrait","status":"publish","type":"page","link":"http:\/\/michaelhansmann.ch\/index.php\/portrait\/","title":{"rendered":"\u00dcber mich"},"content":{"rendered":"<p><strong><em>30 Jahre Berufserfahrung &#8211; 10 davon in Selbst\u00e4ndigkeit<img loading=\"lazy\" decoding=\"async\" class=\"size-medium wp-image-28 alignright\" src=\"http:\/\/michaelhansmann.ch\/wp-content\/uploads\/2017\/09\/portrait-183x300.jpg\" alt=\"\" width=\"183\" height=\"300\" srcset=\"http:\/\/michaelhansmann.ch\/wp-content\/uploads\/2017\/09\/portrait-183x300.jpg 183w, http:\/\/michaelhansmann.ch\/wp-content\/uploads\/2017\/09\/portrait.jpg 200w\" sizes=\"auto, (max-width: 183px) 100vw, 183px\" \/><\/em><\/strong><\/p>\n<p>Seit nunmehr 10 Jahren darf ich meiner werten Kundschaft meine F\u00e4higkeiten als Renovations-Allrounder zur Verf\u00fcgung stellen.<\/p>\n<p>Mein vielf\u00e4ltiges Angebot erm\u00f6glicht es Ihnen, Ihre Renovation, Ihren Umbau oder Ihre Umgebungsarbeiten von einer Hand ausf\u00fchren zu lassen, ohne viele verschiedene Handwerker koordinieren zu m\u00fcssen.<\/p>\n<p>Zudem ist es mir als Ein-Mann-Betrieb m\u00f6glich, die Preise g\u00fcnstig zu halten.<\/p>\n<p>Ich freue mich auf Ihr Kontaktaufnahme!<\/p>\n<p>&nbsp;<\/p>\n<p>Ihr Michael Hansmann<\/p>\n","protected":false},"excerpt":{"rendered":"<p>30 Jahre Berufserfahrung &#8211; 10 davon in Selbst\u00e4ndigkeit Seit nunmehr 10 Jahren darf ich meiner werten Kundschaft meine F\u00e4higkeiten als Renovations-Allrounder zur Verf\u00fcgung stellen. Mein vielf\u00e4ltiges Angebot erm\u00f6glicht es Ihnen, Ihre Renovation, Ihren Umbau oder<a class=\"read-more\" href=\"http:\/\/michaelhansmann.ch\/index.php\/portrait\/\">Continue reading<\/a><\/p>\n","protected":false},"author":1,"featured_media":0,"parent":0,"menu_order":0,"comment_status":"closed","ping_status":"closed","template":"page-templates\/page_fullwidth.php","meta":{"footnotes":""},"class_list":["post-2","page","type-page","status-publish","hentry"],"_links":{"self":[{"href":"http:\/\/michaelhansmann.ch\/index.php\/wp-json\/wp\/v2\/pages\/2","targetHints":{"allow":["GET"]}}],"collection":[{"href":"http:\/\/michaelhansmann.ch\/index.php\/wp-json\/wp\/v2\/pages"}],"about":[{"href":"http:\/\/michaelhansmann.ch\/index.php\/wp-json\/wp\/v2\/types\/page"}],"author":[{"embeddable":true,"href":"http:\/\/michaelhansmann.ch\/index.php\/wp-json\/wp\/v2\/users\/1"}],"replies":[{"embeddable":true,"href":"http:\/\/michaelhansmann.ch\/index.php\/wp-json\/wp\/v2\/comments?post=2"}],"version-history":[{"count":10,"href":"http:\/\/michaelhansmann.ch\/index.php\/wp-json\/wp\/v2\/pages\/2\/revisions"}],"predecessor-version":[{"id":116,"href":"http:\/\/michaelhansmann.ch\/index.php\/wp-json\/wp\/v2\/pages\/2\/revisions\/116"}],"wp:attachment":[{"href":"http:\/\/michaelhansmann.ch\/index.php\/wp-json\/wp\/v2\/media?parent=2"}],"curies":[{"name":"wp","href":"https:\/\/api.w.org\/{rel}","templated":true}]}}