{"id":19,"date":"2017-09-08T17:27:36","date_gmt":"2017-09-08T17:27:36","guid":{"rendered":"http:\/\/michaelhansmann.ch\/?page_id=19"},"modified":"2017-09-11T10:17:56","modified_gmt":"2017-09-11T10:17:56","slug":"taefer","status":"publish","type":"page","link":"http:\/\/michaelhansmann.ch\/index.php\/taefer\/","title":{"rendered":"T\u00e4fer"},"content":{"rendered":"<p><img loading=\"lazy\" decoding=\"async\" class=\"size-medium wp-image-135 alignright\" src=\"http:\/\/michaelhansmann.ch\/wp-content\/uploads\/2017\/09\/taefer-300x225.jpg\" alt=\"\" width=\"300\" height=\"225\" srcset=\"http:\/\/michaelhansmann.ch\/wp-content\/uploads\/2017\/09\/taefer-300x225.jpg 300w, http:\/\/michaelhansmann.ch\/wp-content\/uploads\/2017\/09\/taefer-520x390.jpg 520w, http:\/\/michaelhansmann.ch\/wp-content\/uploads\/2017\/09\/taefer.jpg 600w\" sizes=\"auto, (max-width: 300px) 100vw, 300px\" \/><\/p>\n<p>Vielleicht haben Sie schon eine T\u00e4ferdecke, sie erscheint Ihnen aber viel zu dunkel?<\/p>\n<p>Sie m\u00f6chten die M\u00f6glichkeit haben, Leuchtmittel fl\u00e4chenb\u00fcndig einzubauen?<\/p>\n<p>Ist der Raum dar\u00fcber ungeheizt und Sie m\u00f6chten eine W\u00e4rmed\u00e4mmung einbringen?<\/p>\n<p>Es gibt viele Gr\u00fcnde f\u00fcr eine T\u00e4ferdecke und ebenso viele Gestaltungsm\u00f6glichkeiten, von Struktur, Farbe und Material bis hin zur Einteilung und Ausrichtung der einzelnen Paneele.<\/p>\n","protected":false},"excerpt":{"rendered":"<p>Vielleicht haben Sie schon eine T\u00e4ferdecke, sie erscheint Ihnen aber viel zu dunkel? Sie m\u00f6chten die M\u00f6glichkeit haben, Leuchtmittel fl\u00e4chenb\u00fcndig einzubauen? Ist der Raum dar\u00fcber ungeheizt und Sie m\u00f6chten eine W\u00e4rmed\u00e4mmung einbringen? Es gibt viele<a class=\"read-more\" href=\"http:\/\/michaelhansmann.ch\/index.php\/taefer\/\">Continue reading<\/a><\/p>\n","protected":false},"author":1,"featured_media":0,"parent":0,"menu_order":4,"comment_status":"closed","ping_status":"closed","template":"","meta":{"footnotes":""},"class_list":["post-19","page","type-page","status-publish","hentry"],"_links":{"self":[{"href":"http:\/\/michaelhansmann.ch\/index.php\/wp-json\/wp\/v2\/pages\/19","targetHints":{"allow":["GET"]}}],"collection":[{"href":"http:\/\/michaelhansmann.ch\/index.php\/wp-json\/wp\/v2\/pages"}],"about":[{"href":"http:\/\/michaelhansmann.ch\/index.php\/wp-json\/wp\/v2\/types\/page"}],"author":[{"embeddable":true,"href":"http:\/\/michaelhansmann.ch\/index.php\/wp-json\/wp\/v2\/users\/1"}],"replies":[{"embeddable":true,"href":"http:\/\/michaelhansmann.ch\/index.php\/wp-json\/wp\/v2\/comments?post=19"}],"version-history":[{"count":5,"href":"http:\/\/michaelhansmann.ch\/index.php\/wp-json\/wp\/v2\/pages\/19\/revisions"}],"predecessor-version":[{"id":144,"href":"http:\/\/michaelhansmann.ch\/index.php\/wp-json\/wp\/v2\/pages\/19\/revisions\/144"}],"wp:attachment":[{"href":"http:\/\/michaelhansmann.ch\/index.php\/wp-json\/wp\/v2\/media?parent=19"}],"curies":[{"name":"wp","href":"https:\/\/api.w.org\/{rel}","templated":true}]}}