{"id":181,"date":"2017-09-14T16:38:42","date_gmt":"2017-09-14T16:38:42","guid":{"rendered":"http:\/\/michaelhansmann.ch\/?page_id=181"},"modified":"2017-09-14T16:45:53","modified_gmt":"2017-09-14T16:45:53","slug":"referenzen","status":"publish","type":"page","link":"http:\/\/michaelhansmann.ch\/index.php\/referenzen\/","title":{"rendered":"Referenzen"},"content":{"rendered":"<p>Nachfolgend finden Sie einen kleinen Auszug meiner zufriedenen Kunden:<img loading=\"lazy\" decoding=\"async\" class=\"size-medium wp-image-183 alignright\" src=\"http:\/\/michaelhansmann.ch\/wp-content\/uploads\/2017\/09\/referenzen-300x246.png\" alt=\"\" width=\"300\" height=\"246\" srcset=\"http:\/\/michaelhansmann.ch\/wp-content\/uploads\/2017\/09\/referenzen-300x246.png 300w, http:\/\/michaelhansmann.ch\/wp-content\/uploads\/2017\/09\/referenzen.png 366w\" sizes=\"auto, (max-width: 300px) 100vw, 300px\" \/><\/p>\n<ul>\n<li>R. und S. G\u00f6ssling, Kirchberg<\/li>\n<li>W.Berchtold, Kirchberg<\/li>\n<li>R. Berger, Kirchberg<\/li>\n<li>H. K\u00e4mpfer, Kirchberg<\/li>\n<li>G. Schilt, Kirchberg<\/li>\n<li>P. Fl\u00fcckiger, Kirchberg<\/li>\n<li>P. Fl\u00fcckiger, B\u00e4tterkinden<\/li>\n<li>P. Fl\u00fcckiger, Ersigen<\/li>\n<li>U. Fl\u00fcckiger, R\u00fcegsau<\/li>\n<li>H. Hansmann, Kirchberg<\/li>\n<li>H. Studer, Kirchberg<\/li>\n<li><a href=\"http:\/\/bckirchberg.ch\" target=\"_blank\" rel=\"noopener\">Bocciaclub, Kirchberg<\/a><\/li>\n<li>D. Ammon, Ersigen<\/li>\n<li>G. Jakob, Lyssach<\/li>\n<li>A. Laabs, L\u00fctzelfl\u00fch<\/li>\n<li>F. Hafner, Kirchberg<\/li>\n<li>H. Hediger, Aefligen<\/li>\n<li>R. Herren, Burgdorf<\/li>\n<li>M. Probst, Kirchberg<\/li>\n<li>V. Rufibach, Aefligen<\/li>\n<li>L. Z\u00fcrcher, Subingen<\/li>\n<li>S. Str\u00e4hl, Subingen<\/li>\n<li>P. Mark, Subingen<\/li>\n<li>T. Stucki, Utzenstorf<\/li>\n<li>W. Tellenbach, B\u00e4tterkinden<\/li>\n<li>M. Semling, Burgdorf<\/li>\n<li>A. Mathis, Hindelbank<\/li>\n<li>S. W\u00e4lti, Lohn-Ammannsegg<\/li>\n<li>M. Kaufmann, Lohn-Ammannsegg<\/li>\n<li>T. Huber, Kirchberg<\/li>\n<li>S. Tanner, Kirchberg<\/li>\n<li>Immoplus Bern AG<\/li>\n<li>F. Jakob, Kirchberg<\/li>\n<li>Hotz u. Schmid Immobilien, Evilard<\/li>\n<li>R. Siegenthaler, Burgdorf<\/li>\n<li>G. van Gelder, Alchenfl\u00fch<\/li>\n<li>A. Nyffeler, Lyssach<\/li>\n<li><a href=\"http:\/\/billardnolimits.ch\" target=\"_blank\" rel=\"noopener\">Billardcenter No Limits, Kirchberg<\/a><\/li>\n<li>Dr. B. Thomann, Burgdorf<\/li>\n<\/ul>\n<p>&nbsp;<\/p>\n<p>&nbsp;<\/p>\n<p>&nbsp;<\/p>\n","protected":false},"excerpt":{"rendered":"<p>Nachfolgend finden Sie einen kleinen Auszug meiner zufriedenen Kunden: R. und S. G\u00f6ssling, Kirchberg W.Berchtold, Kirchberg R. Berger, Kirchberg H. K\u00e4mpfer, Kirchberg G. Schilt, Kirchberg P. Fl\u00fcckiger, Kirchberg P. Fl\u00fcckiger, B\u00e4tterkinden P. Fl\u00fcckiger, Ersigen U.<a class=\"read-more\" href=\"http:\/\/michaelhansmann.ch\/index.php\/referenzen\/\">Continue reading<\/a><\/p>\n","protected":false},"author":1,"featured_media":0,"parent":0,"menu_order":9,"comment_status":"closed","ping_status":"closed","template":"","meta":{"footnotes":""},"class_list":["post-181","page","type-page","status-publish","hentry"],"_links":{"self":[{"href":"http:\/\/michaelhansmann.ch\/index.php\/wp-json\/wp\/v2\/pages\/181","targetHints":{"allow":["GET"]}}],"collection":[{"href":"http:\/\/michaelhansmann.ch\/index.php\/wp-json\/wp\/v2\/pages"}],"about":[{"href":"http:\/\/michaelhansmann.ch\/index.php\/wp-json\/wp\/v2\/types\/page"}],"author":[{"embeddable":true,"href":"http:\/\/michaelhansmann.ch\/index.php\/wp-json\/wp\/v2\/users\/1"}],"replies":[{"embeddable":true,"href":"http:\/\/michaelhansmann.ch\/index.php\/wp-json\/wp\/v2\/comments?post=181"}],"version-history":[{"count":4,"href":"http:\/\/michaelhansmann.ch\/index.php\/wp-json\/wp\/v2\/pages\/181\/revisions"}],"predecessor-version":[{"id":187,"href":"http:\/\/michaelhansmann.ch\/index.php\/wp-json\/wp\/v2\/pages\/181\/revisions\/187"}],"wp:attachment":[{"href":"http:\/\/michaelhansmann.ch\/index.php\/wp-json\/wp\/v2\/media?parent=181"}],"curies":[{"name":"wp","href":"https:\/\/api.w.org\/{rel}","templated":true}]}}