{"id":17,"date":"2017-09-08T17:26:26","date_gmt":"2017-09-08T17:26:26","guid":{"rendered":"http:\/\/michaelhansmann.ch\/?page_id=17"},"modified":"2017-09-11T10:17:23","modified_gmt":"2017-09-11T10:17:23","slug":"boeden","status":"publish","type":"page","link":"http:\/\/michaelhansmann.ch\/index.php\/boeden\/","title":{"rendered":"B\u00f6den"},"content":{"rendered":"<p><img loading=\"lazy\" decoding=\"async\" class=\"size-medium wp-image-132 alignright\" src=\"http:\/\/michaelhansmann.ch\/wp-content\/uploads\/2017\/09\/boeden1-300x199.jpg\" alt=\"\" width=\"300\" height=\"199\" srcset=\"http:\/\/michaelhansmann.ch\/wp-content\/uploads\/2017\/09\/boeden1-300x199.jpg 300w, http:\/\/michaelhansmann.ch\/wp-content\/uploads\/2017\/09\/boeden1-390x260.jpg 390w, http:\/\/michaelhansmann.ch\/wp-content\/uploads\/2017\/09\/boeden1-520x344.jpg 520w, http:\/\/michaelhansmann.ch\/wp-content\/uploads\/2017\/09\/boeden1.jpg 600w\" sizes=\"auto, (max-width: 300px) 100vw, 300px\" \/><\/p>\n<p>Novilon, Kork, Linoleum oder Laminat \u2013 die M\u00f6glichkeiten sind heute fast unbegrenzt!<\/p>\n<p>Ob in privaten Wohnh\u00e4usern, B\u00fcrogeb\u00e4uden, \u00f6ffentlichen Geb\u00e4uden, Gewerbebetrieben oder Stallgeb\u00e4uden \u2013\u00a0ich \u00fcbernehme alle Bodenarbeiten, z. B.<\/p>\n<ul>\n<li>Verlegen von Parkett-, Laminat-, Design- und Korkb\u00f6den<\/li>\n<li>Verlegen von Teppichb\u00f6den aller Art (z. B. Vorwerk-Teppich, Tretford-Teppich)<\/li>\n<li>Verlegen antistatischer B\u00f6den<\/li>\n<li>Fussbodenbeschichtung (Industrieb\u00f6den)<\/li>\n<li>Stallbodenbeschichtung<\/li>\n<\/ul>\n<p>Durch die Verarbeitung von Produkten namhafter Hersteller gestalte ich Ihre R\u00e4ume professionell und individuell.<\/p>\n","protected":false},"excerpt":{"rendered":"<p>Novilon, Kork, Linoleum oder Laminat \u2013 die M\u00f6glichkeiten sind heute fast unbegrenzt! Ob in privaten Wohnh\u00e4usern, B\u00fcrogeb\u00e4uden, \u00f6ffentlichen Geb\u00e4uden, Gewerbebetrieben oder Stallgeb\u00e4uden \u2013\u00a0ich \u00fcbernehme alle Bodenarbeiten, z. B. Verlegen von Parkett-, Laminat-, Design- und Korkb\u00f6den<a class=\"read-more\" href=\"http:\/\/michaelhansmann.ch\/index.php\/boeden\/\">Continue reading<\/a><\/p>\n","protected":false},"author":1,"featured_media":0,"parent":0,"menu_order":3,"comment_status":"closed","ping_status":"closed","template":"","meta":{"footnotes":""},"class_list":["post-17","page","type-page","status-publish","hentry"],"_links":{"self":[{"href":"http:\/\/michaelhansmann.ch\/index.php\/wp-json\/wp\/v2\/pages\/17","targetHints":{"allow":["GET"]}}],"collection":[{"href":"http:\/\/michaelhansmann.ch\/index.php\/wp-json\/wp\/v2\/pages"}],"about":[{"href":"http:\/\/michaelhansmann.ch\/index.php\/wp-json\/wp\/v2\/types\/page"}],"author":[{"embeddable":true,"href":"http:\/\/michaelhansmann.ch\/index.php\/wp-json\/wp\/v2\/users\/1"}],"replies":[{"embeddable":true,"href":"http:\/\/michaelhansmann.ch\/index.php\/wp-json\/wp\/v2\/comments?post=17"}],"version-history":[{"count":7,"href":"http:\/\/michaelhansmann.ch\/index.php\/wp-json\/wp\/v2\/pages\/17\/revisions"}],"predecessor-version":[{"id":143,"href":"http:\/\/michaelhansmann.ch\/index.php\/wp-json\/wp\/v2\/pages\/17\/revisions\/143"}],"wp:attachment":[{"href":"http:\/\/michaelhansmann.ch\/index.php\/wp-json\/wp\/v2\/media?parent=17"}],"curies":[{"name":"wp","href":"https:\/\/api.w.org\/{rel}","templated":true}]}}