{"id":15,"date":"2017-09-08T17:24:13","date_gmt":"2017-09-08T17:24:13","guid":{"rendered":"http:\/\/michaelhansmann.ch\/?page_id=15"},"modified":"2017-09-11T10:16:52","modified_gmt":"2017-09-11T10:16:52","slug":"fliesen","status":"publish","type":"page","link":"http:\/\/michaelhansmann.ch\/index.php\/fliesen\/","title":{"rendered":"Fliesen"},"content":{"rendered":"<p><img loading=\"lazy\" decoding=\"async\" class=\"size-medium wp-image-122 alignright\" src=\"http:\/\/michaelhansmann.ch\/wp-content\/uploads\/2017\/09\/fliesen2-300x225.jpg\" alt=\"\" width=\"300\" height=\"225\" srcset=\"http:\/\/michaelhansmann.ch\/wp-content\/uploads\/2017\/09\/fliesen2-300x225.jpg 300w, http:\/\/michaelhansmann.ch\/wp-content\/uploads\/2017\/09\/fliesen2-520x390.jpg 520w, http:\/\/michaelhansmann.ch\/wp-content\/uploads\/2017\/09\/fliesen2.jpg 600w\" sizes=\"auto, (max-width: 300px) 100vw, 300px\" \/><br \/>\nSie wollen Ihrem Zuhause mithilfe von neuen Fliesen, Natursteinplatten und Mosaiken zu neuem Glanz verhelfen?<br \/>\nIch k\u00fcmmere mich gern um die Verlegung der neuen Wand- und Bodenbel\u00e4ge.<br \/>\nAuch alle Arbeiten, die rund um die Fliesenverlegung anfallen, wie Estricharbeiten, Putzarbeiten, Entfernung der alten Fliesen etc. \u00fcbernehme ich gerne f\u00fcr Sie.<\/p>\n<p>Mein\u00a0Service endet nicht bei der Beratung und dem Verkauf der passenden Fliesen. Gern\u00a0\u00fcbernehme ich f\u00fcr Sie auch die Aufmasserstellung und berate Sie auf Wunsch vor Ort. So k\u00f6nnen wir Ihr Zuhause gemeinsam genau nach Ihren W\u00fcnschen und Vorstellungen planen und realisieren.<\/p>\n","protected":false},"excerpt":{"rendered":"<p>Sie wollen Ihrem Zuhause mithilfe von neuen Fliesen, Natursteinplatten und Mosaiken zu neuem Glanz verhelfen? Ich k\u00fcmmere mich gern um die Verlegung der neuen Wand- und Bodenbel\u00e4ge. Auch alle Arbeiten, die rund um die Fliesenverlegung<a class=\"read-more\" href=\"http:\/\/michaelhansmann.ch\/index.php\/fliesen\/\">Continue reading<\/a><\/p>\n","protected":false},"author":1,"featured_media":0,"parent":0,"menu_order":2,"comment_status":"closed","ping_status":"closed","template":"","meta":{"footnotes":""},"class_list":["post-15","page","type-page","status-publish","hentry"],"_links":{"self":[{"href":"http:\/\/michaelhansmann.ch\/index.php\/wp-json\/wp\/v2\/pages\/15","targetHints":{"allow":["GET"]}}],"collection":[{"href":"http:\/\/michaelhansmann.ch\/index.php\/wp-json\/wp\/v2\/pages"}],"about":[{"href":"http:\/\/michaelhansmann.ch\/index.php\/wp-json\/wp\/v2\/types\/page"}],"author":[{"embeddable":true,"href":"http:\/\/michaelhansmann.ch\/index.php\/wp-json\/wp\/v2\/users\/1"}],"replies":[{"embeddable":true,"href":"http:\/\/michaelhansmann.ch\/index.php\/wp-json\/wp\/v2\/comments?post=15"}],"version-history":[{"count":12,"href":"http:\/\/michaelhansmann.ch\/index.php\/wp-json\/wp\/v2\/pages\/15\/revisions"}],"predecessor-version":[{"id":142,"href":"http:\/\/michaelhansmann.ch\/index.php\/wp-json\/wp\/v2\/pages\/15\/revisions\/142"}],"wp:attachment":[{"href":"http:\/\/michaelhansmann.ch\/index.php\/wp-json\/wp\/v2\/media?parent=15"}],"curies":[{"name":"wp","href":"https:\/\/api.w.org\/{rel}","templated":true}]}}