{"id":12,"date":"2017-09-08T17:12:14","date_gmt":"2017-09-08T17:12:14","guid":{"rendered":"http:\/\/michaelhansmann.ch\/?page_id=12"},"modified":"2017-09-11T10:16:01","modified_gmt":"2017-09-11T10:16:01","slug":"malerarbeiten","status":"publish","type":"page","link":"http:\/\/michaelhansmann.ch\/index.php\/malerarbeiten\/","title":{"rendered":"Malerarbeiten"},"content":{"rendered":"<p><img loading=\"lazy\" decoding=\"async\" class=\"alignright wp-image-121 size-medium\" src=\"http:\/\/michaelhansmann.ch\/wp-content\/uploads\/2017\/09\/maler1-300x225.jpg\" alt=\"\" width=\"300\" height=\"225\" srcset=\"http:\/\/michaelhansmann.ch\/wp-content\/uploads\/2017\/09\/maler1-300x225.jpg 300w, http:\/\/michaelhansmann.ch\/wp-content\/uploads\/2017\/09\/maler1-520x390.jpg 520w, http:\/\/michaelhansmann.ch\/wp-content\/uploads\/2017\/09\/maler1.jpg 600w\" sizes=\"auto, (max-width: 300px) 100vw, 300px\" \/><\/p>\n<p>Vertrauen Sie die Renovation von Wandoberfl\u00e4chen und M\u00f6beln dem erfahrenen Spezialisten an.<br \/>\nGerne entferne oder s\u00e4ubere\u00a0ich alte Anstriche und bereite den Untergrund vor, damit die neue Farbe h\u00e4lt, was sie verspricht.<br \/>\nJe nach Objekt und Stil wende\u00a0ich die verschiedensten Verfahren an.<br \/>\nInnen- oder Aussenw\u00e4nde, M\u00f6bel, Fensterl\u00e4den werden unterschiedlich beansprucht.<br \/>\nNutzung, Sonnenlicht und Feuchtigkeit erfordern verschiedene Farbmaterialien und Maltechniken.<\/p>\n<p>Ich garantiere Ihnen eine professionelle Ausf\u00fchrung sowohl f\u00fcr Routinearbeiten als auch f\u00fcr anspruchsvolle Spezialauftr\u00e4ge.<\/p>\n","protected":false},"excerpt":{"rendered":"<p>Vertrauen Sie die Renovation von Wandoberfl\u00e4chen und M\u00f6beln dem erfahrenen Spezialisten an. Gerne entferne oder s\u00e4ubere\u00a0ich alte Anstriche und bereite den Untergrund vor, damit die neue Farbe h\u00e4lt, was sie verspricht. Je nach Objekt und<a class=\"read-more\" href=\"http:\/\/michaelhansmann.ch\/index.php\/malerarbeiten\/\">Continue reading<\/a><\/p>\n","protected":false},"author":1,"featured_media":0,"parent":0,"menu_order":1,"comment_status":"closed","ping_status":"closed","template":"","meta":{"footnotes":""},"class_list":["post-12","page","type-page","status-publish","hentry"],"_links":{"self":[{"href":"http:\/\/michaelhansmann.ch\/index.php\/wp-json\/wp\/v2\/pages\/12","targetHints":{"allow":["GET"]}}],"collection":[{"href":"http:\/\/michaelhansmann.ch\/index.php\/wp-json\/wp\/v2\/pages"}],"about":[{"href":"http:\/\/michaelhansmann.ch\/index.php\/wp-json\/wp\/v2\/types\/page"}],"author":[{"embeddable":true,"href":"http:\/\/michaelhansmann.ch\/index.php\/wp-json\/wp\/v2\/users\/1"}],"replies":[{"embeddable":true,"href":"http:\/\/michaelhansmann.ch\/index.php\/wp-json\/wp\/v2\/comments?post=12"}],"version-history":[{"count":9,"href":"http:\/\/michaelhansmann.ch\/index.php\/wp-json\/wp\/v2\/pages\/12\/revisions"}],"predecessor-version":[{"id":141,"href":"http:\/\/michaelhansmann.ch\/index.php\/wp-json\/wp\/v2\/pages\/12\/revisions\/141"}],"wp:attachment":[{"href":"http:\/\/michaelhansmann.ch\/index.php\/wp-json\/wp\/v2\/media?parent=12"}],"curies":[{"name":"wp","href":"https:\/\/api.w.org\/{rel}","templated":true}]}}